{"id":7626,"date":"2019-05-25T11:29:05","date_gmt":"2019-05-25T10:29:05","guid":{"rendered":"http:\/\/ferrater.com\/inici\/"},"modified":"2026-03-12T13:29:22","modified_gmt":"2026-03-12T12:29:22","slug":"inici","status":"publish","type":"page","link":"https:\/\/ferrater.com\/ca\/","title":{"rendered":"Inici"},"content":{"rendered":"<ul>\n<li>\n<p>        <img decoding=\"async\" src=\"\/wp-content\/uploads\/2025\/04\/P_EQ_FITO_M01_COVER.jpg\" alt=\"\"><\/p>\n<h3>Oficines HIIT Barcelona<\/h3>\n<p>Barcelona<\/p>\n<p><a href=\"https:\/\/ferrater.com\/ca\/project\/hiit-offices-barcelona\/\"><\/a><\/p>\n<\/li>\n<li>\n<p>        <img decoding=\"async\" src=\"\/wp-content\/uploads\/2024\/11\/P_EQ_NOVA_LLOTJA_BARCELONA_coverslide_1200x800px.jpg\" alt=\"\"><\/p>\n<h3>Nova Llotja de Pescadors al Port de Barcelona<\/h3>\n<p>Barcelona<\/p>\n<p><a href=\"https:\/\/ferrater.com\/ca\/project\/remodelacio-de-la-llotja-de-pescadors-de-barcelona\/\"><\/a><\/p>\n<\/li>\n<li>\n<p>        <img decoding=\"async\" src=\"\/wp-content\/uploads\/2024\/05\/1-Casa-para-artistas.jpg\" alt=\"\"><\/p>\n<h3>Casa per a artistes<\/h3>\n<p>Barcelona<\/p>\n<p><a href=\"https:\/\/ferrater.com\/ca\/project\/house-for-artists\/\"><\/a><\/p>\n<\/li>\n<li>\n<p>        <img decoding=\"async\" src=\"\/wp-content\/uploads\/2022\/11\/001-COVER-Mandarin-Residencial-Barcelona-Photo.jpg\" alt=\"\"><\/p>\n<h3>Mandarin Oriental Residences, Barcelona<\/h3>\n<p>Barcelona<\/p>\n<p><a href=\"https:\/\/ferrater.com\/ca\/project\/mandarin-oriental-residences-barcelona\/\"><\/a><\/p>\n<\/li>\n<li>\n<p>        <img decoding=\"async\" src=\"\/wp-content\/uploads\/2021\/12\/5-ONG-FUNDAESPLAI-CONSTRUYENDO-UTOPIA.jpg\" alt=\"\"><\/p>\n<h3>Ampliaci\u00f3 ONG FUNDAESPLAI. Construint la Utopia Social.<\/h3>\n<p>Barcelona<\/p>\n<p><a href=\"https:\/\/ferrater.com\/ca\/?post_type=project&p=19925\"><\/a><\/p>\n<\/li>\n<li>\n<p>        <img decoding=\"async\" src=\"\/wp-content\/uploads\/2022\/06\/1-Hotel-Madrid-Edition-OAB.jpg\" alt=\"\"><\/p>\n<h3>Hotel Edition Madrid<\/h3>\n<p>Madrid<\/p>\n<p><a href=\"https:\/\/ferrater.com\/ca\/?post_type=project&p=20592\"><\/a><\/p>\n<\/li>\n<li>\n<p>        <img decoding=\"async\" src=\"\/wp-content\/uploads\/2022\/02\/Cover.jpg\" alt=\"\"><\/p>\n<h3>Hotel Boutique a Vara del Rey, Eivissa<\/h3>\n<p>Eivissa<\/p>\n<p><a href=\"https:\/\/ferrater.com\/ca\/project\/hotel-boutique-a-vara-del-rey-eivissa\/\"><\/a><\/p>\n<\/li>\n<li>\n<p>        <img decoding=\"async\" src=\"\/wp-content\/uploads\/2020\/11\/01-Casa-Regina.jpg\" alt=\"\"><\/p>\n<h3>Casa Regina<\/h3>\n<p>Girona<\/p>\n<p><a href=\"https:\/\/ferrater.com\/ca\/project\/casa-regina-en-gauses\/\"><\/a><\/p>\n<\/li>\n<li>\n<p>        <img decoding=\"async\" src=\"\/wp-content\/uploads\/2020\/02\/SLIDE_P_VP_JARDINETS_F05.jpg\" alt=\"\"><\/p>\n<h3>Rehabilitaci\u00f3 d\u2019un edifici d\u2019Habitatges al Passeig de Gr\u00e0cia 125-127<\/h3>\n<p>Barcelona, Espanya<\/p>\n<p><a href=\"https:\/\/ferrater.com\/ca\/\"><\/a><\/p>\n<\/li>\n<li>\n<p>        <img decoding=\"async\" src=\"\/wp-content\/uploads\/P_PA_BENIDORM_F01.jpg\" alt=\"\"><\/p>\n<h3>Passeig Mar\u00edtim de la Platja de Ponent de Benidorm<\/h3>\n<p>Benidorm, Espanya<\/p>\n<p><a href=\"https:\/\/ferrater.com\/ca\/project\/passeig-maritim-de-la-platja-de-ponent-de-benidorm\/\"><\/a><\/p>\n<\/li>\n<li>\n<p>        <img decoding=\"async\" src=\"\/wp-content\/uploads\/00_Restaurante-Hermanos-Torres.jpg\" alt=\"\"><\/p>\n<h3>Restaurant Cocina Hermanos Torres<\/h3>\n<p>Barcelona, Espanya<\/p>\n<p><a href=\"https:\/\/ferrater.com\/ca\/project\/restaurant-cocina-hermanos-torres\/\"><\/a><\/p>\n<\/li>\n<li>\n<p>        <img decoding=\"async\" src=\"\/wp-content\/uploads\/2018\/04\/COVER-P_EQ_BARCELONA_EDITION_P00.jpg\" alt=\"\"><\/p>\n<h3>Hotel The Barcelona Edition<\/h3>\n<p>Barcelona, Espanya<\/p>\n<\/li>\n<li>\n<p>        <img decoding=\"async\" src=\"\/wp-content\/uploads\/P_EQ_CLUBHOUSE_F06.jpg\" alt=\"\"><\/p>\n<h3>Kaplankaya Clubhouse<\/h3>\n<p>Bodrum, Turquia<\/p>\n<p><a href=\"https:\/\/ferrater.com\/ca\/project\/kaplankaya-clubhouse\/\"><\/a><\/p>\n<\/li>\n<li>\n<p>        <img decoding=\"async\" src=\"\/wp-content\/uploads\/AA01.jpg\" alt=\"\"><\/p>\n<h3>Casa AA<\/h3>\n<p>Barcelona, Espanya<\/p>\n<p><a href=\"https:\/\/ferrater.com\/ca\/project\/casa-aa\/\"><\/a><\/p>\n<\/li>\n<li>\n<p>        <img decoding=\"async\" src=\"\/wp-content\/uploads\/P_EQ_R_01-1.jpg\" alt=\"\"><\/p>\n<h3>Museum of Modern Art a Almaty<\/h3>\n<p>Almaty, Kazakhstan<\/p>\n<p><a href=\"https:\/\/ferrater.com\/ca\/project\/museum-of-modern-art-a-almaty\/\"><\/a><\/p>\n<\/li>\n<li>\n<p>        <img decoding=\"async\" src=\"\/wp-content\/uploads\/2022\/05\/SLIDE-600-ancho-x-480-casa-seat.jpg\" alt=\"\"><\/p>\n<h3>Casa SEAT<\/h3>\n<p>Barcelona<\/p>\n<p><a href=\"https:\/\/ferrater.com\/ca\/project\/casa-seat\/\"><\/a><\/p>\n<\/li>\n<li>\n<p>        <img decoding=\"async\" src=\"\/wp-content\/uploads\/01.jpg\" alt=\"\"><\/p>\n<h3>Seu del Col\u00b7legi d\u2019Advocats, Escola d\u2019Advocats i Oficines a Lyon<\/h3>\n<p>Lyon, Fran\u00e7a<\/p>\n<p><a href=\"https:\/\/ferrater.com\/ca\/project\/seu-del-col-legi-dadvocats-escola-dadvocats-i-oficines-a-lyon\/\"><\/a><\/p>\n<\/li>\n<li>\n<p>        <img decoding=\"async\" src=\"\/wp-content\/uploads\/P_EQ_ROCA_GALLERY_F01-2.jpg\" alt=\"\"><\/p>\n<h3>Roca Barcelona Gallery<\/h3>\n<p>Barcelona, Espanya<\/p>\n<p><a href=\"https:\/\/ferrater.com\/ca\/project\/roca-barcelona-gallery\/\"><\/a><\/p>\n<\/li>\n<li>\n<p>        <img decoding=\"async\" src=\"\/wp-content\/uploads\/TH04.jpg\" alt=\"\"><\/p>\n<h3>Torre Hip\u00f3dromo<\/h3>\n<p>Guadalajara, M\u00e8xic<\/p>\n<p><a href=\"https:\/\/ferrater.com\/ca\/project\/torre-doficines-a-guadalajara-mexic\/\"><\/a><\/p>\n<\/li>\n<li>\n<p>        <img decoding=\"async\" src=\"\/wp-content\/uploads\/2017\/04\/P_URB_LESCALA_02.jpg\" alt=\"\"><\/p>\n<h3>Front Mar\u00edtim de L\u2019Escala<\/h3>\n<p>L'Escala, Girona, Espanya<\/p>\n<\/li>\n<li>\n<p>        <img decoding=\"async\" src=\"\/wp-content\/uploads\/PORT01.jpg\" alt=\"\"><\/p>\n<h3>Casa davant del mar<\/h3>\n<p>Port de la Selva, Espanya<\/p>\n<p><a href=\"https:\/\/ferrater.com\/ca\/project\/casa-davant-del-mar\/\"><\/a><\/p>\n<\/li>\n<\/ul>\n<p><a href=\"https:\/\/youtu.be\/6erytAUmP9A\" target=\"_blank\" rel=\"noopener\"><img decoding=\"async\" src=\"\/wp-content\/uploads\/2026\/03\/Documental-CF-ES-CA.jpg\" alt=\"\"><\/a><\/p>\n<p>\n        <a href=\"https:\/\/youtu.be\/6erytAUmP9A\" target=\"_blank\" rel=\"noopener\">Veure<\/a>\n    <\/p>\n<p><a href=\"https:\/\/www.youtube.com\/watch?v=aeFjWODDHN0\" target=\"_blank\" rel=\"noopener\"><img decoding=\"async\" src=\"\/wp-content\/uploads\/2026\/03\/Documental-OAB-ES-CA.jpg\" alt=\"\"><\/a><\/p>\n<p>\n        <a href=\"https:\/\/youtu.be\/aeFjWODDHN0\" target=\"_blank\" rel=\"noopener\">Veure<\/a>\n    <\/p>\n<div>\n<h1 style=\"font-size: 30px; margin-bottom: 10px !important; text-align: center;\">Estudi d'Arquitectura a Barcelona<\/h1>\n<p style=\"text-align: center; margin-top: 10px;\">L'estudi d'arquitectura OAB, guardonat internacionalment, neix de la incorporaci\u00f3 de Xavier Mart\u00ed, Luc\u00eda Ferrater i Borja Ferrater a la traject\u00f2ria professional de Carlos Ferrater.<\/p>\n<p style=\"text-align: center; margin-top: 10px;\">Compromesos amb la qualitat de l'obra constru\u00efda, amb l'her\u00e8ncia cultural del lloc, amb la innovaci\u00f3 tecnol\u00f2gica i la sostenibilitat, els nostres projectes, de m\u00faltiples usos i escales, es distingeixen per donar resposta a premisses singulars amb un disseny integral.<\/p>\n<\/div>\n<hr>\n<h3>Noticies<\/h3>\n<p>\n        <a href=\"https:\/\/ferrater.com\/ca\/category\/noticies\/\">Veure totes<\/a>\n    <\/p>\n<ul>\n<li>\n<p>        <img decoding=\"async\" src=\"\/wp-content\/uploads\/2025\/07\/Premio-arquitectura-plus.jpg\" alt=\"\"><\/p>\n<h5>Premi A+<\/h5>\n<div>\n<p>Premi A+ Extraordinari a la Traject\u00f2ria Professional\u00a0 a la categoria Arquitectura i interiorisme.<\/p>\n<\/div>\n<\/li>\n<li>\n<p>        <img decoding=\"async\" src=\"\/wp-content\/uploads\/2025\/06\/Premios-arquitectura-2025.jpg\" alt=\"\"><\/p>\n<h5>Premis FAD 2025<\/h5>\n<div>\n<p>Llotja de Pescadors de Barcelona seleccionat als Premis FAD 2025.<\/p>\n<\/div>\n<p><a href=\"https:\/\/ferrater.com\/ca\/project\/auditori-i-palau-de-congressos-de-castello\/\"><\/a><\/p>\n<\/li>\n<li>\n<p>        <img decoding=\"async\" src=\"\/wp-content\/uploads\/2025\/06\/1200x900-PROYECTOS.jpg\" alt=\"\"><\/p>\n<h5>Concurs Passeig Maritim de Tenerife<\/h5>\n<div>\n<p><span>Primer premi concurs Passeig Mar\u00edtim de Tenerife \"Palmetum\" Lots 2 i 3.<\/span><\/p>\n<\/div>\n<\/li>\n<li>\n<h5> <\/h5>\n<\/p>\n<p><a href=\"https:\/\/ferrater.com\/ca\/premi-mies-van-der-rohe-06-11-18\/\"><\/a><\/p>\n<\/li>\n<\/ul>\n<p><!--more--><br \/>\n<!-- {\"type\":\"layout\",\"children\":[{\"name\":\"Hero\",\"type\":\"section\",\"props\":{\"height\":\"viewport\",\"height_viewport\":80,\"height_viewport_offset\":true,\"image_position\":\"center-center\",\"padding_bottom\":\"none\",\"padding_top\":\"none\",\"style\":\"default\",\"title_breakpoint\":\"xl\",\"title_position\":\"top-left\",\"title_rotation\":\"left\",\"vertical_align\":\"\",\"width\":\"\"},\"children\":[{\"type\":\"row\",\"children\":[{\"type\":\"column\",\"props\":{\"image_position\":\"center-center\",\"position_sticky_breakpoint\":\"m\",\"width_medium\":\"1-1\"},\"children\":[{\"type\":\"overlay-slider\",\"props\":{\"css\":\".el-content {font-size: small;}\",\"height_viewport\":\"viewport\",\"height_viewport_height\":80,\"image_height\":\"600\",\"link_style\":\"default\",\"link_text\":\"\",\"margin_bottom\":\"default\",\"margin_top\":\"default\",\"meta_align\":\"above-title\",\"meta_element\":\"div\",\"meta_style\":\"text-meta\",\"nav\":\"\",\"nav_align\":\"center\",\"nav_below\":true,\"nav_breakpoint\":\"s\",\"nav_position\":\"bottom-center\",\"nav_position_margin\":\"medium\",\"overlay_display\":\"hover\",\"overlay_link\":true,\"overlay_mode\":\"caption\",\"overlay_padding\":\"small\",\"overlay_position\":\"bottom\",\"overlay_style\":\"tile-default\",\"overlay_transition\":\"fade\",\"show_content\":true,\"show_hover_image\":true,\"show_hover_video\":true,\"show_link\":true,\"show_meta\":true,\"show_title\":true,\"slidenav\":\"default\",\"slidenav_breakpoint\":\"s\",\"slidenav_hover\":true,\"slidenav_large\":false,\"slidenav_margin\":\"medium\",\"slidenav_outside_breakpoint\":\"xl\",\"slider_autoplay\":true,\"slider_autoplay_interval\":\"3\",\"slider_autoplay_pause\":true,\"slider_center\":true,\"slider_divider\":false,\"slider_finite\":false,\"slider_gap\":\"small\",\"slider_sets\":false,\"slider_velocity\":\"0.2\",\"slider_width\":\"\",\"slider_width_default\":\"1-2\",\"slider_width_medium\":\"1-3\",\"text_align\":\"\",\"text_color\":\"light\",\"title_element\":\"h3\",\"title_hover_style\":\"reset\",\"title_margin\":\"remove\"},\"children\":[{\"type\":\"overlay-slider_item\",\"props\":{\"image\":\"wp-content\/uploads\/2025\/04\/P_EQ_FITO_M01_COVER.jpg\",\"link\":\"https:\/\/ferrater.com\/ca\/project\/hiit-offices-barcelona\/\",\"meta\":\"Barcelona\",\"title\":\"Oficines HIIT Barcelona\"}},{\"type\":\"overlay-slider_item\",\"props\":{\"image\":\"wp-content\/uploads\/2024\/11\/P_EQ_NOVA_LLOTJA_BARCELONA_coverslide_1200x800px.jpg\",\"link\":\"https:\/\/ferrater.com\/ca\/project\/remodelacio-de-la-llotja-de-pescadors-de-barcelona\/\",\"meta\":\"Barcelona\",\"title\":\"Nova Llotja de Pescadors al Port de Barcelona\"}},{\"type\":\"overlay-slider_item\",\"props\":{\"image\":\"wp-content\/uploads\/2024\/05\/1-Casa-para-artistas.jpg\",\"link\":\"https:\/\/ferrater.com\/ca\/project\/house-for-artists\/\",\"meta\":\"Barcelona\",\"title\":\"Casa per a artistes\"}},{\"type\":\"overlay-slider_item\",\"props\":{\"image\":\"wp-content\/uploads\/2022\/11\/001-COVER-Mandarin-Residencial-Barcelona-Photo.jpg\",\"link\":\"https:\/\/ferrater.com\/ca\/project\/mandarin-oriental-residences-barcelona\/\",\"meta\":\"Barcelona\",\"title\":\"Mandarin Oriental Residences, Barcelona\"}},{\"type\":\"overlay-slider_item\",\"props\":{\"image\":\"wp-content\/uploads\/2021\/12\/5-ONG-FUNDAESPLAI-CONSTRUYENDO-UTOPIA.jpg\",\"link\":\"https:\/\/ferrater.com\/ca\/project\/building-a-social-utopia-expansion-of-ngo-fundesplai\/\",\"meta\":\"Barcelona\",\"title\":\"Ampliaci\u00f3 ONG FUNDAESPLAI. Construint la Utopia Social.\"}},{\"type\":\"overlay-slider_item\",\"props\":{\"image\":\"wp-content\/uploads\/2022\/06\/1-Hotel-Madrid-Edition-OAB.jpg\",\"link\":\"https:\/\/ferrater.com\/ca\/project\/hotel-edition-madrid\/\",\"meta\":\"Madrid\",\"title\":\"Hotel Edition Madrid\"}},{\"type\":\"overlay-slider_item\",\"props\":{\"image\":\"wp-content\/uploads\/2022\/02\/Cover.jpg\",\"link\":\"https:\/\/ferrater.com\/ca\/project\/hotel-boutique-a-vara-del-rey-eivissa\/\",\"meta\":\"Eivissa\",\"title\":\"Hotel Boutique a Vara del Rey, Eivissa\"}},{\"type\":\"overlay-slider_item\",\"props\":{\"image\":\"wp-content\/uploads\/2020\/11\/01-Casa-Regina.jpg\",\"link\":\"https:\/\/ferrater.com\/ca\/project\/casa-regina-en-gauses\/\",\"meta\":\"Girona\",\"title\":\"Casa Regina\"}},{\"type\":\"overlay-slider_item\",\"props\":{\"image\":\"wp-content\/uploads\/2020\/02\/SLIDE_P_VP_JARDINETS_F05.jpg\",\"link\":\"https:\/\/ferrater.com\/ca\/\",\"meta\":\"Barcelona, Espanya\",\"title\":\"Rehabilitaci\u00f3 d\u2019un edifici d\u2019Habitatges al Passeig de Gr\u00e0cia 125-127\"}},{\"type\":\"overlay-slider_item\",\"props\":{\"image\":\"wp-content\/uploads\/P_PA_BENIDORM_F01.jpg\",\"link\":\"ca\/project\/passeig-maritim-de-la-platja-de-ponent-de-benidorm\/\",\"meta\":\"Benidorm, Espanya\",\"title\":\"Passeig Mar\u00edtim de la Platja de Ponent de Benidorm\"}},{\"type\":\"overlay-slider_item\",\"props\":{\"image\":\"wp-content\/uploads\/00_Restaurante-Hermanos-Torres.jpg\",\"link\":\"ca\/project\/restaurant-cocina-hermanos-torres\/\",\"meta\":\"Barcelona, Espanya\",\"title\":\"Restaurant Cocina Hermanos Torres\"}},{\"type\":\"overlay-slider_item\",\"props\":{\"image\":\"wp-content\/uploads\/2018\/04\/COVER-P_EQ_BARCELONA_EDITION_P00.jpg\",\"meta\":\"Barcelona, Espanya\",\"title\":\"Hotel The Barcelona Edition\"}},{\"type\":\"overlay-slider_item\",\"props\":{\"image\":\"wp-content\/uploads\/P_EQ_CLUBHOUSE_F06.jpg\",\"link\":\"ca\/project\/kaplankaya-clubhouse\/\",\"meta\":\"Bodrum, Turquia\",\"title\":\"Kaplankaya Clubhouse\"}},{\"type\":\"overlay-slider_item\",\"props\":{\"image\":\"wp-content\/uploads\/AA01.jpg\",\"link\":\"ca\/project\/casa-aa\/\",\"meta\":\"Barcelona, Espanya\",\"title\":\"Casa AA\"}},{\"type\":\"overlay-slider_item\",\"props\":{\"image\":\"wp-content\/uploads\/P_EQ_R_01-1.jpg\",\"link\":\"ca\/project\/museum-of-modern-art-a-almaty\/\",\"meta\":\"Almaty, Kazakhstan\",\"title\":\"Museum of Modern Art a Almaty\"}},{\"type\":\"overlay-slider_item\",\"props\":{\"image\":\"wp-content\/uploads\/2022\/05\/SLIDE-600-ancho-x-480-casa-seat.jpg\",\"link\":\"https:\/\/ferrater.com\/ca\/project\/casa-seat\/\",\"meta\":\"Barcelona\",\"title\":\"Casa SEAT\"}},{\"type\":\"overlay-slider_item\",\"props\":{\"image\":\"wp-content\/uploads\/01.jpg\",\"link\":\"ca\/project\/seu-del-col-legi-dadvocats-escola-dadvocats-i-oficines-a-lyon\/\",\"meta\":\"Lyon, Fran\u00e7a\",\"title\":\"Seu del Col\u00b7legi d\u2019Advocats, Escola d\u2019Advocats i Oficines a Lyon\"}},{\"type\":\"overlay-slider_item\",\"props\":{\"image\":\"wp-content\/uploads\/P_EQ_ROCA_GALLERY_F01-2.jpg\",\"link\":\"ca\/project\/roca-barcelona-gallery\/\",\"meta\":\"Barcelona, Espanya\",\"title\":\"Roca Barcelona Gallery\"}},{\"type\":\"overlay-slider_item\",\"props\":{\"content\":\"\",\"image\":\"wp-content\/uploads\/TH04.jpg\",\"link\":\"ca\/project\/torre-doficines-a-guadalajara-mexic\/\",\"meta\":\"Guadalajara, M\u00e8xic\",\"title\":\"Torre Hip\u00f3dromo\"}},{\"type\":\"overlay-slider_item\",\"props\":{\"image\":\"wp-content\/uploads\/2017\/04\/P_URB_LESCALA_02.jpg\",\"meta\":\"L'Escala, Girona, Espanya\",\"title\":\"Front Mar\u00edtim de L\u2019Escala\"}},{\"type\":\"overlay-slider_item\",\"props\":{\"image\":\"wp-content\/uploads\/PORT01.jpg\",\"link\":\"ca\/project\/casa-davant-del-mar\/\",\"meta\":\"Port de la Selva, Espanya\",\"title\":\"Casa davant del mar\"}}]}]}]}]},{\"type\":\"section\",\"props\":{\"image_position\":\"center-center\",\"style\":\"default\",\"title_breakpoint\":\"xl\",\"title_position\":\"top-left\",\"title_rotation\":\"left\",\"vertical_align\":\"middle\",\"width\":\"default\"},\"children\":[{\"type\":\"row\",\"props\":{\"layout\":\"1-2,1-2\"},\"children\":[{\"type\":\"column\",\"props\":{\"image_position\":\"center-center\",\"position_sticky_breakpoint\":\"m\",\"width_medium\":\"1-2\"},\"children\":[{\"type\":\"image\",\"props\":{\"image\":\"wp-content\/uploads\/2026\/03\/Documental-CF-ES-CA.jpg\",\"image_svg_color\":\"emphasis\",\"link\":\"https:\/\/youtu.be\/6erytAUmP9A\",\"margin_bottom\":\"default\",\"margin_top\":\"default\"}},{\"type\":\"button\",\"props\":{\"grid_column_gap\":\"small\",\"grid_row_gap\":\"small\",\"margin_bottom\":\"default\",\"margin_top\":\"default\"},\"children\":[{\"type\":\"button_item\",\"props\":{\"button_style\":\"link-text\",\"content\":\"Veure\",\"dialog_layout\":\"modal\",\"dialog_offcanvas_flip\":true,\"icon\":\"chevron-double-right\",\"icon_align\":\"left\",\"link\":\"https:\/\/youtu.be\/6erytAUmP9A\"}}]}]},{\"type\":\"column\",\"props\":{\"image_position\":\"center-center\",\"position_sticky_breakpoint\":\"m\",\"width_medium\":\"1-2\"},\"children\":[{\"type\":\"image\",\"props\":{\"image\":\"wp-content\/uploads\/2026\/03\/Documental-OAB-ES-CA.jpg\",\"image_svg_color\":\"emphasis\",\"link\":\"https:\/\/www.youtube.com\/watch?v=aeFjWODDHN0\",\"margin_bottom\":\"default\",\"margin_top\":\"default\"}},{\"type\":\"button\",\"props\":{\"grid_column_gap\":\"small\",\"grid_row_gap\":\"small\",\"margin_bottom\":\"default\",\"margin_top\":\"default\"},\"children\":[{\"type\":\"button_item\",\"props\":{\"button_style\":\"link-text\",\"content\":\"Veure\",\"dialog_layout\":\"modal\",\"dialog_offcanvas_flip\":true,\"icon\":\"chevron-double-right\",\"icon_align\":\"left\",\"link\":\"https:\/\/youtu.be\/aeFjWODDHN0\"}}]}]}]}]},{\"type\":\"section\",\"props\":{\"class\":\"textseo\",\"image_position\":\"center-center\",\"style\":\"default\",\"title_breakpoint\":\"xl\",\"title_position\":\"top-left\",\"title_rotation\":\"left\",\"vertical_align\":\"middle\",\"width\":\"default\"},\"children\":[{\"type\":\"row\",\"children\":[{\"type\":\"column\",\"props\":{\"image_position\":\"center-center\",\"position_sticky_breakpoint\":\"m\"},\"children\":[{\"type\":\"text\",\"props\":{\"column_breakpoint\":\"m\",\"content\":\"\n\n<h1 style=\\\"font-size: 30px; margin-bottom: 10px !important; text-align: center;\\\">Estudi d'Arquitectura a Barcelona<\/h1>\n\n\\n\n\n<p style=\\\"text-align: center; margin-top: 10px;\\\">L'estudi d'arquitectura OAB, guardonat internacionalment, neix de la incorporaci\u00f3 de Xavier Mart\u00ed, Luc\u00eda Ferrater i Borja Ferrater a la traject\u00f2ria professional de Carlos Ferrater.<\/p>\n\n\\n\n\n<p style=\\\"text-align: center; margin-top: 10px;\\\">Compromesos amb la qualitat de l'obra constru\u00efda, amb l'her\u00e8ncia cultural del lloc, amb la innovaci\u00f3 tecnol\u00f2gica i la sostenibilitat, els nostres projectes, de m\u00faltiples usos i escales, es distingeixen per donar resposta a premisses singulars amb un disseny integral.<\/p>\n\n\",\"margin_bottom\":\"default\",\"margin_top\":\"default\"}}]}]}]},{\"name\":\"Related Insights\",\"type\":\"section\",\"props\":{\"animation_delay\":false,\"image_position\":\"center-center\",\"padding_bottom\":\"small\",\"padding_top\":\"none\",\"style\":\"default\",\"title_breakpoint\":\"xl\",\"title_position\":\"top-left\",\"title_rotation\":\"left\",\"vertical_align\":\"\",\"width\":\"large\"},\"children\":[{\"type\":\"row\",\"props\":{\"layout\":\"1-2,1-2\"},\"children\":[{\"type\":\"column\",\"props\":{\"image_position\":\"center-center\",\"position_sticky_breakpoint\":\"m\",\"vertical_align\":\"middle\",\"width_medium\":\"1-2\"},\"children\":[{\"type\":\"divider\",\"props\":{\"divider_element\":\"hr\",\"maxwidth\":\"medium\"}},{\"type\":\"headline\",\"props\":{\"content\":\"Noticies\",\"image_align\":\"left\",\"image_margin\":\"xsmall\",\"title_element\":\"h3\"}}]},{\"type\":\"column\",\"props\":{\"image_position\":\"center-center\",\"position_sticky_breakpoint\":\"m\",\"vertical_align\":\"middle\",\"width_medium\":\"1-2\"},\"children\":[{\"type\":\"button\",\"props\":{\"grid_column_gap\":\"small\",\"grid_row_gap\":\"small\",\"margin_bottom\":\"default\",\"margin_top\":\"default\",\"text_align\":\"right\"},\"children\":[{\"type\":\"button_item\",\"props\":{\"button_style\":\"\",\"content\":\"Veure totes\",\"dialog_layout\":\"modal\",\"dialog_offcanvas_flip\":true,\"icon\":\"arrow-right\",\"icon_align\":\"left\",\"link\":\"ca\/category\/noticies\/\"}}]}]}]},{\"type\":\"row\",\"children\":[{\"type\":\"column\",\"props\":{\"image_position\":\"center-center\",\"position_sticky_breakpoint\":\"m\",\"width_medium\":\"1-1\"},\"children\":[{\"type\":\"grid\",\"props\":{\"content_column_breakpoint\":\"m\",\"filter_align\":\"left\",\"filter_all\":true,\"filter_grid_breakpoint\":\"m\",\"filter_grid_width\":\"auto\",\"filter_position\":\"top\",\"filter_style\":\"tab\",\"grid_default\":\"1\",\"grid_medium\":\"\",\"grid_small\":\"3\",\"image_align\":\"top\",\"image_grid_breakpoint\":\"m\",\"image_grid_width\":\"1-2\",\"image_link\":true,\"image_svg_color\":\"emphasis\",\"image_width\":\"400\",\"item_animation\":true,\"lightbox_bg_close\":true,\"link_style\":\"\",\"link_text\":\"\",\"margin_bottom\":\"default\",\"margin_top\":\"default\",\"meta_align\":\"below-title\",\"meta_element\":\"div\",\"meta_style\":\"text-meta\",\"parallax_easing\":\"1\",\"show_content\":true,\"show_hover_image\":true,\"show_hover_video\":true,\"show_image\":true,\"show_link\":true,\"show_meta\":true,\"show_title\":true,\"show_video\":true,\"title_align\":\"top\",\"title_element\":\"h5\",\"title_grid_breakpoint\":\"m\",\"title_grid_width\":\"1-2\",\"title_hover_style\":\"reset\",\"title_link\":true},\"children\":[{\"type\":\"grid_item\",\"props\":{\"content\":\"\n\n<p>Premi A+ Extraordinari a la Traject\u00f2ria Professional\u00a0 a la categoria Arquitectura i interiorisme.<\/p>\n\n\",\"image\":\"wp-content\/uploads\/2025\/07\/Premio-arquitectura-plus.jpg\",\"meta\":\"\",\"title\":\"Premi A+\"}},{\"type\":\"grid_item\",\"props\":{\"content\":\"\n\n<p>Llotja de Pescadors de Barcelona seleccionat als Premis FAD 2025.<\/p>\n\n\",\"image\":\"wp-content\/uploads\/2025\/06\/Premios-arquitectura-2025.jpg\",\"link\":\"https:\/\/ferrater.com\/ca\/project\/auditori-i-palau-de-congressos-de-castello\/\",\"meta\":\"\",\"title\":\"Premis FAD 2025\"}},{\"type\":\"grid_item\",\"props\":{\"content\":\"\n\n<p><span>Primer premi concurs Passeig Mar\u00edtim de Tenerife \\\"Palmetum\\\" Lots 2 i 3.<\/span><\/p>\n\n\",\"image\":\"wp-content\/uploads\/2025\/06\/1200x900-PROYECTOS.jpg\",\"meta\":\"\",\"title\":\"Concurs Passeig Maritim de Tenerife\"}},{\"type\":\"grid_item\",\"props\":{\"content\":\"\",\"image\":\"\",\"link\":\"ca\/premi-mies-van-der-rohe-06-11-18\/ \",\"meta\":\" \",\"title\":\" \"}}]}]}]}]}],\"version\":\"5.0.16\"} --><\/p>\n","protected":false},"excerpt":{"rendered":"<p>Oficines HIIT Barcelona Barcelona Nova Llotja de Pescadors al Port de Barcelona Barcelona Casa per a artistes Barcelona Mandarin Oriental Residences, Barcelona Barcelona Ampliaci\u00f3 ONG FUNDAESPLAI. Construint la Utopia Social. Barcelona Hotel Edition Madrid Madrid Hotel Boutique a Vara del Rey, Eivissa Eivissa Casa Regina Girona Rehabilitaci\u00f3 d\u2019un edifici d\u2019Habitatges al Passeig de Gr\u00e0cia 125-127 [&hellip;]<\/p>\n","protected":false},"author":2,"featured_media":0,"parent":0,"menu_order":10,"comment_status":"closed","ping_status":"closed","template":"","meta":{"footnotes":""},"class_list":["post-7626","page","type-page","status-publish","hentry"],"_links":{"self":[{"href":"https:\/\/ferrater.com\/ca\/wp-json\/wp\/v2\/pages\/7626","targetHints":{"allow":["GET"]}}],"collection":[{"href":"https:\/\/ferrater.com\/ca\/wp-json\/wp\/v2\/pages"}],"about":[{"href":"https:\/\/ferrater.com\/ca\/wp-json\/wp\/v2\/types\/page"}],"author":[{"embeddable":true,"href":"https:\/\/ferrater.com\/ca\/wp-json\/wp\/v2\/users\/2"}],"replies":[{"embeddable":true,"href":"https:\/\/ferrater.com\/ca\/wp-json\/wp\/v2\/comments?post=7626"}],"version-history":[{"count":3,"href":"https:\/\/ferrater.com\/ca\/wp-json\/wp\/v2\/pages\/7626\/revisions"}],"predecessor-version":[{"id":25572,"href":"https:\/\/ferrater.com\/ca\/wp-json\/wp\/v2\/pages\/7626\/revisions\/25572"}],"wp:attachment":[{"href":"https:\/\/ferrater.com\/ca\/wp-json\/wp\/v2\/media?parent=7626"}],"curies":[{"name":"wp","href":"https:\/\/api.w.org\/{rel}","templated":true}]}}