{"id":7624,"date":"2019-05-25T11:26:46","date_gmt":"2019-05-25T10:26:46","guid":{"rendered":"http:\/\/ferrater.com\/inicio\/"},"modified":"2026-03-12T18:03:04","modified_gmt":"2026-03-12T17:03:04","slug":"inicio","status":"publish","type":"page","link":"https:\/\/ferrater.com\/es\/","title":{"rendered":"Inicio"},"content":{"rendered":"<ul>\n<li>\n<p>        <img decoding=\"async\" src=\"\/wp-content\/uploads\/2025\/04\/P_EQ_FITO_M01_COVER.jpg\" alt=\"\"><\/p>\n<h3>Oficinas HIIT Barcelona<\/h3>\n<p>Barcelona<\/p>\n<p><a href=\"https:\/\/ferrater.com\/es\/project\/hiit-offices-barcelona\/\"><\/a><\/p>\n<\/li>\n<li>\n<p>        <img decoding=\"async\" src=\"\/wp-content\/uploads\/2012\/04\/P_EQ_NOVA_LLOTJA_BARCELONA_F03.jpg\" alt=\"\"><\/p>\n<h3>Nueva Lonja de Pescadores en el Puerto de Barcelona<\/h3>\n<p>Barcelona<\/p>\n<p><a href=\"https:\/\/ferrater.com\/es\/project\/remodelacion-de-la-lonja-de-pescadores-de-barcelona\/\"><\/a><\/p>\n<\/li>\n<li>\n<p>        <img decoding=\"async\" src=\"\/wp-content\/uploads\/2022\/11\/001-COVER-Mandarin-Residencial-Barcelona-Photo.jpg\" alt=\"\"><\/p>\n<h3>Mandarin Oriental Residences, Barcelona<\/h3>\n<p>Barcelona<\/p>\n<p><a href=\"https:\/\/ferrater.com\/es\/project\/mandarin-oriental-residences-barcelona\/\"><\/a><\/p>\n<\/li>\n<li>\n<p>        <img decoding=\"async\" src=\"\/wp-content\/uploads\/2021\/12\/5-ONG-FUNDAESPLAI-CONSTRUYENDO-UTOPIA.jpg\" alt=\"\"><\/p>\n<h3>Ampliaci\u00f3n ONG FUNDESPLAI. Construyendo la Utop\u00eda Social<\/h3>\n<p>Barcelona<\/p>\n<p><a href=\"https:\/\/ferrater.com\/es\/?post_type=project&p=19926\"><\/a><\/p>\n<\/li>\n<li>\n<p>        <img decoding=\"async\" src=\"\/wp-content\/uploads\/2022\/06\/1-Hotel-Madrid-Edition-OAB.jpg\" alt=\"\"><\/p>\n<h3>Hotel Edition Madrid<\/h3>\n<p>Madrid<\/p>\n<p><a href=\"https:\/\/ferrater.com\/es\/?post_type=project&p=20593\"><\/a><\/p>\n<\/li>\n<li>\n<p>        <img decoding=\"async\" src=\"\/wp-content\/uploads\/2022\/02\/Cover.jpg\" alt=\"\"><\/p>\n<h3>Hotel Boutique en Vara del Rey, Ibiza<\/h3>\n<p>Ibiza<\/p>\n<p><a href=\"https:\/\/ferrater.com\/es\/project\/hotel-boutique-en-vara-del-rey-ibiza\/\"><\/a><\/p>\n<\/li>\n<li>\n<p>        <img decoding=\"async\" src=\"\/wp-content\/uploads\/2020\/11\/A-COVER-Casa-Regina.jpg\" alt=\"\"><\/p>\n<h3>Casa Regina<\/h3>\n<p>Gerona<\/p>\n<p><a href=\"https:\/\/ferrater.com\/es\/project\/casa-regina-en-gauses\/\"><\/a><\/p>\n<\/li>\n<li>\n<p>        <img decoding=\"async\" src=\"\/wp-content\/uploads\/2020\/02\/SLIDE_P_VP_JARDINETS_F05.jpg\" alt=\"\"><\/p>\n<h3>Refurbishment of an apartment building at 125-127 Passeig de Gr\u00e0cia<\/h3>\n<p>Barcelona, Espa\u00f1a<\/p>\n<p><a href=\"https:\/\/ferrater.com\/es\/\"><\/a><\/p>\n<\/li>\n<li>\n<p>        <img decoding=\"async\" src=\"\/wp-content\/uploads\/2018\/04\/COVER-P_EQ_BARCELONA_EDITION_P00.jpg\" alt=\"\"><\/p>\n<h3>Hotel The Barcelona Edition<\/h3>\n<p>Barcelona, Espa\u00f1a<\/p>\n<\/li>\n<li>\n<p>        <img decoding=\"async\" src=\"\/wp-content\/uploads\/P_EQ_CLUBHOUSE_F06.jpg\" alt=\"\"><\/p>\n<h3>Kaplankaya Clubhouse<\/h3>\n<p>Bodrum, Turqu\u00eda<\/p>\n<p><a href=\"https:\/\/ferrater.com\/es\/project\/kaplankaya-clubhouse\/\"><\/a><\/p>\n<\/li>\n<li>\n<p>        <img decoding=\"async\" src=\"\/wp-content\/uploads\/AA01.jpg\" alt=\"\"><\/p>\n<h3>Casa AA<\/h3>\n<p>Barcelona, Espa\u00f1a<\/p>\n<p><a href=\"https:\/\/ferrater.com\/es\/project\/casa-aa\/\"><\/a><\/p>\n<\/li>\n<li>\n<p>        <img decoding=\"async\" src=\"\/wp-content\/uploads\/P_EQ_R_01-1.jpg\" alt=\"\"><\/p>\n<h3>Museum of Modern Art en Almaty<\/h3>\n<p>Almaty, Kazakhstan<\/p>\n<p><a href=\"https:\/\/ferrater.com\/es\/project\/museum-of-modern-art-en-almaty\/\"><\/a><\/p>\n<\/li>\n<li>\n<p>        <img decoding=\"async\" src=\"\/wp-content\/uploads\/2022\/05\/SLIDE-600-ancho-x-480-casa-seat.jpg\" alt=\"\"><\/p>\n<h3>Casa SEAT<\/h3>\n<p>Barcelona<\/p>\n<p><a href=\"https:\/\/ferrater.com\/es\/project\/casa-seat\/\"><\/a><\/p>\n<\/li>\n<li>\n<p>        <img decoding=\"async\" src=\"\/wp-content\/uploads\/2018\/04\/00_Restaurante-Hermanos-Torres.jpg\" alt=\"\"><\/p>\n<h3>Restaurante Cocina Hermanos Torres<\/h3>\n<p>Barcelona, Espa\u00f1a<\/p>\n<p><a href=\"https:\/\/ferrater.com\/es\/project\/restaurante-cocina-hermanos-torres\/\"><\/a><\/p>\n<\/li>\n<li>\n<p>        <img decoding=\"async\" src=\"\/wp-content\/uploads\/P_PA_BENIDORM_F01.jpg\" alt=\"\"><\/p>\n<h3>Paseo Mar\u00edtimo de la Playa de Poniente de Benidorm<\/h3>\n<p>Benidorm, Espa\u00f1a<\/p>\n<p><a href=\"https:\/\/ferrater.com\/es\/project\/paseo-maritimo-de-la-playa-de-poniente-de-benidorm\/\"><\/a><\/p>\n<\/li>\n<li>\n<p>        <img decoding=\"async\" src=\"\/wp-content\/uploads\/01.jpg\" alt=\"\"><\/p>\n<h3>Sede de Colegio de Abogados, Escuela de Abogados y Oficinas en Lyon<\/h3>\n<p>Lyon, Francia<\/p>\n<p><a href=\"https:\/\/ferrater.com\/es\/project\/sede-de-colegio-de-abogados-escuela-de-abogados-y-oficinas-en-lyon\/\"><\/a><\/p>\n<\/li>\n<li>\n<p>        <img decoding=\"async\" src=\"\/wp-content\/uploads\/P_EQ_ROCA_GALLERY_F01-2.jpg\" alt=\"\"><\/p>\n<h3>Roca Barcelona Gallery<\/h3>\n<p>Barcelona, Espa\u00f1a<\/p>\n<p><a href=\"https:\/\/ferrater.com\/es\/project\/roca-barcelona-gallery\/\"><\/a><\/p>\n<\/li>\n<li>\n<p>        <img decoding=\"async\" src=\"\/wp-content\/uploads\/TH04.jpg\" alt=\"\"><\/p>\n<h3>Torre Hip\u00f3dromo<\/h3>\n<p>Guadalajara, M\u00e9xico<\/p>\n<p><a href=\"\/project\/office-building-in-guadalajara-mexico\/\"><\/a><\/p>\n<\/li>\n<li>\n<p>        <img decoding=\"async\" src=\"\/wp-content\/uploads\/2017\/04\/P_URB_LESCALA_02.jpg\" alt=\"\"><\/p>\n<h3>Frente Mar\u00edtimo de L'Escala<\/h3>\n<p>L'Escala, Gerona, Espa\u00f1a<\/p>\n<\/li>\n<li>\n<p>        <img decoding=\"async\" src=\"\/wp-content\/uploads\/PORT01.jpg\" alt=\"\"><\/p>\n<h3>Casa frente al mar<\/h3>\n<p>Port de la Selva, Espa\u00f1a<\/p>\n<p><a href=\"https:\/\/ferrater.com\/es\/project\/casa-frente-al-mar\/\"><\/a><\/p>\n<\/li>\n<\/ul>\n<p><a href=\"https:\/\/youtu.be\/6erytAUmP9A\" target=\"_blank\" rel=\"noopener\"><img decoding=\"async\" src=\"\/wp-content\/uploads\/2026\/03\/Documental-CF-ES-CA-1.jpg\" alt=\"\"><\/a><\/p>\n<p>\n        <a href=\"https:\/\/www.youtube.com\/watch?v=6erytAUmP9A\" target=\"_blank\" rel=\"noopener\">Ver<\/a>\n    <\/p>\n<p><a href=\"https:\/\/youtu.be\/aeFjWODDHN0\" target=\"_blank\" rel=\"noopener\"><img decoding=\"async\" src=\"\/wp-content\/uploads\/2026\/03\/Documental-OAB-ES-CA-1.jpg\" alt=\"\"><\/a><\/p>\n<p>\n        <a href=\"https:\/\/www.youtube.com\/watch?v=aeFjWODDHN0\" target=\"_blank\" rel=\"noopener\">Ver<\/a>\n    <\/p>\n<div>\n<h1 style=\"font-size: 30px; margin-bottom: 10px !important; text-align: center;\">Estudio de Arquitectura en Barcelona<\/h1>\n<p style=\"text-align: center; margin-top: 10px;\">El estudio de arquitectura OAB, galardonado internacionalmente, nace de la incorporaci\u00f3n de Xavier Mart\u00ed, Luc\u00eda Ferrater y Borja Ferrater a la trayectoria profesional de Carlos Ferrater.<\/p>\n<p style=\"text-align: center; margin-top: 10px;\">Comprometidos con la calidad de la obra construida, con la herencia cultural del lugar, con la innovaci\u00f3n tecnol\u00f3gica y la sostenibilidad, nuestros proyectos, de m\u00faltiples usos y escalas, se distinguen por dar respuesta a premisas singulares con un dise\u00f1o integral.<\/p>\n<\/div>\n<hr>\n<h3>Noticias<\/h3>\n<p>\n        <a href=\"https:\/\/ferrater.com\/es\/category\/noticias\/\">Ver todas<\/a>\n    <\/p>\n<ul>\n<li>\n<p>        <img decoding=\"async\" src=\"\/wp-content\/uploads\/2025\/07\/Premio-arquitectura-plus.jpg\" alt=\"\"><\/p>\n<h5>Premio A+<\/h5>\n<div>\n<p>Premio A+ Extraordinario a la Trayectoria Profesional en la categor\u00eda Arquitectura e interiorismo.<\/p>\n<\/div>\n<\/li>\n<li>\n<p>        <img decoding=\"async\" src=\"\/wp-content\/uploads\/2025\/06\/Premios-arquitectura-2025.jpg\" alt=\"\"><\/p>\n<h5>Premios CSCAE 2025<\/h5>\n<div>\n<p>Auditorio\u00a0y Palacio de Congresos de Castell\u00f3n Seleccionado en los Premios CSCAE 2025<\/p>\n<\/div>\n<p><a href=\"https:\/\/ferrater.com\/es\/project\/auditorio-y-palacio-de-congresos-de-castellon\/\"><\/a><\/p>\n<\/li>\n<li>\n<p>        <img decoding=\"async\" src=\"\/wp-content\/uploads\/2025\/06\/1200x900-PROYECTOS.jpg\" alt=\"\"><\/p>\n<h5>Concurso Paseo Mar\u00edtimo de Tenerife<\/h5>\n<div>\n<p><span>Primer premio concurso Paseo Mar\u00edtimo de Tenerife \"Palmetum\" Lotes 2 y 3.<\/span><\/p>\n<\/div>\n<\/li>\n<li>\n<h5> <\/h5>\n<\/p>\n<p><a href=\"https:\/\/ferrater.com\/es\/premio-mies-van-der-rohe-06-11-18\/\"><\/a><\/p>\n<\/li>\n<li>\n<h5> <\/h5>\n<\/p>\n<p><a href=\"https:\/\/ferrater.com\/es\/premio-mies-van-der-rohe-06-11-18\/\"><\/a><\/p>\n<\/li>\n<\/ul>\n<p><!--more--><br \/>\n<!-- {\"type\":\"layout\",\"children\":[{\"name\":\"Hero\",\"type\":\"section\",\"props\":{\"height\":\"viewport\",\"height_viewport\":80,\"height_viewport_offset\":true,\"image_position\":\"center-center\",\"padding_bottom\":\"none\",\"padding_top\":\"none\",\"style\":\"default\",\"title_breakpoint\":\"xl\",\"title_position\":\"top-left\",\"title_rotation\":\"left\",\"vertical_align\":\"\",\"width\":\"\"},\"children\":[{\"type\":\"row\",\"children\":[{\"type\":\"column\",\"props\":{\"image_position\":\"center-center\",\"position_sticky_breakpoint\":\"m\",\"width_medium\":\"1-1\"},\"children\":[{\"type\":\"overlay-slider\",\"props\":{\"css\":\".el-content {font-size: small;}\",\"height_viewport\":\"viewport\",\"height_viewport_height\":80,\"image_height\":\"600\",\"link_style\":\"default\",\"link_text\":\"\",\"margin_bottom\":\"default\",\"margin_top\":\"default\",\"meta_align\":\"above-title\",\"meta_element\":\"div\",\"meta_style\":\"text-meta\",\"nav\":\"\",\"nav_align\":\"center\",\"nav_below\":true,\"nav_breakpoint\":\"s\",\"nav_position\":\"bottom-center\",\"nav_position_margin\":\"medium\",\"overlay_display\":\"hover\",\"overlay_link\":true,\"overlay_mode\":\"caption\",\"overlay_padding\":\"small\",\"overlay_position\":\"bottom\",\"overlay_style\":\"tile-default\",\"overlay_transition\":\"fade\",\"show_content\":true,\"show_hover_image\":true,\"show_hover_video\":true,\"show_link\":true,\"show_meta\":true,\"show_title\":true,\"slidenav\":\"default\",\"slidenav_breakpoint\":\"s\",\"slidenav_hover\":true,\"slidenav_large\":false,\"slidenav_margin\":\"medium\",\"slidenav_outside_breakpoint\":\"xl\",\"slider_autoplay\":true,\"slider_autoplay_interval\":\"3\",\"slider_autoplay_pause\":true,\"slider_center\":true,\"slider_divider\":false,\"slider_finite\":false,\"slider_gap\":\"small\",\"slider_sets\":false,\"slider_velocity\":\"0.2\",\"slider_width\":\"\",\"slider_width_default\":\"1-2\",\"slider_width_medium\":\"1-3\",\"text_align\":\"\",\"text_color\":\"light\",\"title_element\":\"h3\",\"title_hover_style\":\"reset\",\"title_margin\":\"remove\"},\"children\":[{\"type\":\"overlay-slider_item\",\"props\":{\"image\":\"wp-content\/uploads\/2025\/04\/P_EQ_FITO_M01_COVER.jpg\",\"link\":\"https:\/\/ferrater.com\/es\/project\/hiit-offices-barcelona\/\",\"meta\":\"Barcelona\",\"title\":\"Oficinas HIIT Barcelona\"}},{\"type\":\"overlay-slider_item\",\"props\":{\"image\":\"wp-content\/uploads\/2012\/04\/P_EQ_NOVA_LLOTJA_BARCELONA_F03.jpg\",\"link\":\"https:\/\/ferrater.com\/es\/project\/remodelacion-de-la-lonja-de-pescadores-de-barcelona\/\",\"meta\":\"Barcelona\",\"title\":\"Nueva Lonja de Pescadores en el Puerto de Barcelona\"}},{\"type\":\"overlay-slider_item\",\"props\":{\"image\":\"wp-content\/uploads\/2022\/11\/001-COVER-Mandarin-Residencial-Barcelona-Photo.jpg\",\"link\":\"https:\/\/ferrater.com\/es\/project\/mandarin-oriental-residences-barcelona\/\",\"meta\":\"Barcelona\",\"title\":\"Mandarin Oriental Residences, Barcelona\"}},{\"type\":\"overlay-slider_item\",\"props\":{\"image\":\"wp-content\/uploads\/2021\/12\/5-ONG-FUNDAESPLAI-CONSTRUYENDO-UTOPIA.jpg\",\"link\":\"https:\/\/ferrater.com\/es\/project\/building-a-social-utopia-expansion-of-ngo-fundesplai\/\",\"meta\":\"Barcelona\",\"title\":\"Ampliaci\u00f3n ONG FUNDESPLAI. Construyendo la Utop\u00eda Social\"}},{\"type\":\"overlay-slider_item\",\"props\":{\"content\":\"\",\"image\":\"wp-content\/uploads\/2022\/06\/1-Hotel-Madrid-Edition-OAB.jpg\",\"link\":\"https:\/\/ferrater.com\/es\/project\/hotel-edition-madrid\/\",\"meta\":\"Madrid\",\"title\":\"Hotel Edition Madrid\"}},{\"type\":\"overlay-slider_item\",\"props\":{\"content\":\"\",\"image\":\"wp-content\/uploads\/2022\/02\/Cover.jpg\",\"link\":\"https:\/\/ferrater.com\/es\/project\/hotel-boutique-en-vara-del-rey-ibiza\/\",\"meta\":\"Ibiza\",\"title\":\"Hotel Boutique en Vara del Rey, Ibiza\"}},{\"type\":\"overlay-slider_item\",\"props\":{\"image\":\"wp-content\/uploads\/2020\/11\/A-COVER-Casa-Regina.jpg\",\"link\":\"https:\/\/ferrater.com\/es\/project\/casa-regina-en-gauses\/\",\"meta\":\"Gerona\",\"title\":\"Casa Regina\"}},{\"type\":\"overlay-slider_item\",\"props\":{\"image\":\"wp-content\/uploads\/2020\/02\/SLIDE_P_VP_JARDINETS_F05.jpg\",\"link\":\"https:\/\/ferrater.com\/es\/\",\"meta\":\"Barcelona, Espa\u00f1a\",\"title\":\"Refurbishment of an apartment building at 125-127 Passeig de Gr\u00e0cia\"}},{\"type\":\"overlay-slider_item\",\"props\":{\"image\":\"wp-content\/uploads\/2018\/04\/COVER-P_EQ_BARCELONA_EDITION_P00.jpg\",\"meta\":\"Barcelona, Espa\u00f1a\",\"title\":\"Hotel The Barcelona Edition\"}},{\"type\":\"overlay-slider_item\",\"props\":{\"image\":\"wp-content\/uploads\/P_EQ_CLUBHOUSE_F06.jpg\",\"link\":\"es\/project\/kaplankaya-clubhouse\/\",\"meta\":\"Bodrum, Turqu\u00eda\",\"title\":\"Kaplankaya Clubhouse\"}},{\"type\":\"overlay-slider_item\",\"props\":{\"image\":\"wp-content\/uploads\/AA01.jpg\",\"link\":\"es\/project\/casa-aa\/\",\"meta\":\"Barcelona, Espa\u00f1a\",\"title\":\"Casa AA\"}},{\"type\":\"overlay-slider_item\",\"props\":{\"image\":\"wp-content\/uploads\/P_EQ_R_01-1.jpg\",\"link\":\"es\/project\/museum-of-modern-art-en-almaty\/\",\"meta\":\"Almaty, Kazakhstan\",\"title\":\"Museum of Modern Art en Almaty\"}},{\"type\":\"overlay-slider_item\",\"props\":{\"image\":\"wp-content\/uploads\/2022\/05\/SLIDE-600-ancho-x-480-casa-seat.jpg\",\"link\":\"https:\/\/ferrater.com\/es\/project\/casa-seat\/\",\"meta\":\"Barcelona\",\"title\":\"Casa SEAT\"}},{\"type\":\"overlay-slider_item\",\"props\":{\"image\":\"wp-content\/uploads\/2018\/04\/00_Restaurante-Hermanos-Torres.jpg\",\"link\":\"es\/project\/restaurante-cocina-hermanos-torres\/\",\"meta\":\"Barcelona, Espa\u00f1a\",\"title\":\"Restaurante Cocina Hermanos Torres\"}},{\"type\":\"overlay-slider_item\",\"props\":{\"image\":\"wp-content\/uploads\/P_PA_BENIDORM_F01.jpg\",\"link\":\"es\/project\/paseo-maritimo-de-la-playa-de-poniente-de-benidorm\/\",\"meta\":\"Benidorm, Espa\u00f1a\",\"title\":\"Paseo Mar\u00edtimo de la Playa de Poniente de Benidorm\"}},{\"type\":\"overlay-slider_item\",\"props\":{\"image\":\"wp-content\/uploads\/01.jpg\",\"link\":\"es\/project\/sede-de-colegio-de-abogados-escuela-de-abogados-y-oficinas-en-lyon\/\",\"meta\":\"Lyon, Francia\",\"title\":\"Sede de Colegio de Abogados, Escuela de Abogados y Oficinas en Lyon\"}},{\"type\":\"overlay-slider_item\",\"props\":{\"image\":\"wp-content\/uploads\/P_EQ_ROCA_GALLERY_F01-2.jpg\",\"link\":\"es\/project\/roca-barcelona-gallery\/\",\"meta\":\"Barcelona, Espa\u00f1a\",\"title\":\"Roca Barcelona Gallery\"}},{\"type\":\"overlay-slider_item\",\"props\":{\"content\":\"\",\"image\":\"wp-content\/uploads\/TH04.jpg\",\"link\":\"project\/office-building-in-guadalajara-mexico\/\",\"meta\":\"Guadalajara, M\u00e9xico\",\"title\":\"Torre Hip\u00f3dromo\"}},{\"type\":\"overlay-slider_item\",\"props\":{\"image\":\"wp-content\/uploads\/2017\/04\/P_URB_LESCALA_02.jpg\",\"meta\":\"L'Escala, Gerona, Espa\u00f1a\",\"title\":\"Frente Mar\u00edtimo de L'Escala\"}},{\"type\":\"overlay-slider_item\",\"props\":{\"image\":\"wp-content\/uploads\/PORT01.jpg\",\"link\":\"es\/project\/casa-frente-al-mar\/\",\"meta\":\"Port de la Selva, Espa\u00f1a\",\"title\":\"Casa frente al mar\"}}]}]}]}]},{\"type\":\"section\",\"props\":{\"class\":\"textseo\",\"image_position\":\"center-center\",\"style\":\"default\",\"title_breakpoint\":\"xl\",\"title_position\":\"top-left\",\"title_rotation\":\"left\",\"vertical_align\":\"middle\",\"width\":\"default\"},\"children\":[{\"type\":\"row\",\"props\":{\"layout\":\"1-2,1-2\"},\"children\":[{\"type\":\"column\",\"props\":{\"image_position\":\"center-center\",\"position_sticky_breakpoint\":\"m\",\"width_medium\":\"1-2\"},\"children\":[{\"type\":\"image\",\"props\":{\"image\":\"wp-content\/uploads\/2026\/03\/Documental-CF-ES-CA-1.jpg\",\"image_svg_color\":\"emphasis\",\"link\":\"https:\/\/youtu.be\/6erytAUmP9A\",\"margin_bottom\":\"default\",\"margin_top\":\"default\"}},{\"type\":\"button\",\"props\":{\"grid_column_gap\":\"small\",\"grid_row_gap\":\"small\",\"margin_bottom\":\"default\",\"margin_top\":\"default\"},\"children\":[{\"type\":\"button_item\",\"props\":{\"button_style\":\"link-text\",\"content\":\"Ver\",\"dialog_layout\":\"modal\",\"dialog_offcanvas_flip\":true,\"icon\":\"chevron-double-right\",\"icon_align\":\"left\",\"link\":\"https:\/\/www.youtube.com\/watch?v=6erytAUmP9A\"}}]}]},{\"type\":\"column\",\"props\":{\"image_position\":\"center-center\",\"position_sticky_breakpoint\":\"m\",\"width_medium\":\"1-2\"},\"children\":[{\"type\":\"image\",\"props\":{\"image\":\"wp-content\/uploads\/2026\/03\/Documental-OAB-ES-CA-1.jpg\",\"image_svg_color\":\"emphasis\",\"link\":\"https:\/\/youtu.be\/aeFjWODDHN0\",\"margin_bottom\":\"default\",\"margin_top\":\"default\"}},{\"type\":\"button\",\"props\":{\"grid_column_gap\":\"small\",\"grid_row_gap\":\"small\",\"margin_bottom\":\"default\",\"margin_top\":\"default\"},\"children\":[{\"type\":\"button_item\",\"props\":{\"button_style\":\"link-text\",\"content\":\"Ver\",\"dialog_layout\":\"modal\",\"dialog_offcanvas_flip\":true,\"icon\":\"chevron-double-right\",\"icon_align\":\"left\",\"link\":\"https:\/\/www.youtube.com\/watch?v=aeFjWODDHN0\"}}]}]}]},{\"type\":\"row\",\"props\":{\"layout\":\"1-2,1-2\"},\"children\":[{\"type\":\"column\",\"props\":{\"image_position\":\"center-center\",\"position_sticky_breakpoint\":\"m\",\"width_medium\":\"1-2\"}},{\"type\":\"column\",\"props\":{\"image_position\":\"center-center\",\"position_sticky_breakpoint\":\"m\",\"width_medium\":\"1-2\"}}]},{\"type\":\"row\",\"children\":[{\"type\":\"column\",\"props\":{\"image_position\":\"center-center\",\"position_sticky_breakpoint\":\"m\"},\"children\":[{\"type\":\"text\",\"props\":{\"column_breakpoint\":\"m\",\"content\":\"\n\n<h1 style=\\\"font-size: 30px; margin-bottom: 10px !important; text-align: center;\\\">Estudio de Arquitectura en Barcelona<\/h1>\n\n\\n\n\n<p style=\\\"text-align: center; margin-top: 10px;\\\">El estudio de arquitectura OAB, galardonado internacionalmente, nace de la incorporaci\u00f3n de Xavier Mart\u00ed, Luc\u00eda Ferrater y Borja Ferrater a la trayectoria profesional de Carlos Ferrater.<\/p>\n\n\\n\n\n<p style=\\\"text-align: center; margin-top: 10px;\\\">Comprometidos con la calidad de la obra construida, con la herencia cultural del lugar, con la innovaci\u00f3n tecnol\u00f3gica y la sostenibilidad, nuestros proyectos, de m\u00faltiples usos y escalas, se distinguen por dar respuesta a premisas singulares con un dise\u00f1o integral.<\/p>\n\n\",\"margin_bottom\":\"default\",\"margin_top\":\"default\"}}]}]}]},{\"type\":\"section\",\"props\":{\"image_position\":\"center-center\",\"style\":\"default\",\"title_breakpoint\":\"xl\",\"title_position\":\"top-left\",\"title_rotation\":\"left\",\"vertical_align\":\"middle\",\"width\":\"default\"},\"children\":[{\"type\":\"row\",\"children\":[{\"type\":\"column\",\"props\":{\"image_position\":\"center-center\",\"position_sticky_breakpoint\":\"m\"}}]}]},{\"name\":\"Related Insights\",\"type\":\"section\",\"props\":{\"animation_delay\":false,\"image_position\":\"center-center\",\"padding_bottom\":\"small\",\"padding_top\":\"none\",\"style\":\"default\",\"title_breakpoint\":\"xl\",\"title_position\":\"top-left\",\"title_rotation\":\"left\",\"vertical_align\":\"\",\"width\":\"large\"},\"children\":[{\"type\":\"row\",\"props\":{\"layout\":\"1-2,1-2\"},\"children\":[{\"type\":\"column\",\"props\":{\"image_position\":\"center-center\",\"position_sticky_breakpoint\":\"m\",\"vertical_align\":\"middle\",\"width_medium\":\"1-2\"},\"children\":[{\"type\":\"divider\",\"props\":{\"divider_element\":\"hr\",\"maxwidth\":\"medium\"}},{\"type\":\"headline\",\"props\":{\"content\":\"Noticias\",\"image_align\":\"left\",\"image_margin\":\"xsmall\",\"title_element\":\"h3\"}}]},{\"type\":\"column\",\"props\":{\"image_position\":\"center-center\",\"position_sticky_breakpoint\":\"m\",\"vertical_align\":\"middle\",\"width_medium\":\"1-2\"},\"children\":[{\"type\":\"button\",\"props\":{\"grid_column_gap\":\"small\",\"grid_row_gap\":\"small\",\"margin_bottom\":\"default\",\"margin_top\":\"default\",\"text_align\":\"right\"},\"children\":[{\"type\":\"button_item\",\"props\":{\"button_style\":\"\",\"content\":\"Ver todas\",\"dialog_layout\":\"modal\",\"dialog_offcanvas_flip\":true,\"icon\":\"arrow-right\",\"icon_align\":\"left\",\"link\":\"es\/category\/noticias\/\"}}]}]}]},{\"type\":\"row\",\"children\":[{\"type\":\"column\",\"props\":{\"image_position\":\"center-center\",\"position_sticky_breakpoint\":\"m\",\"width_medium\":\"1-1\"},\"children\":[{\"type\":\"grid\",\"props\":{\"content_column_breakpoint\":\"m\",\"filter_align\":\"left\",\"filter_all\":true,\"filter_grid_breakpoint\":\"m\",\"filter_grid_width\":\"auto\",\"filter_position\":\"top\",\"filter_style\":\"tab\",\"grid_default\":\"1\",\"grid_medium\":\"\",\"grid_small\":\"3\",\"image_align\":\"top\",\"image_grid_breakpoint\":\"m\",\"image_grid_width\":\"1-2\",\"image_link\":true,\"image_svg_color\":\"emphasis\",\"image_width\":\"400\",\"item_animation\":true,\"lightbox_bg_close\":true,\"link_style\":\"\",\"link_text\":\"\",\"margin_bottom\":\"default\",\"margin_top\":\"default\",\"meta_align\":\"below-title\",\"meta_element\":\"div\",\"meta_style\":\"text-meta\",\"parallax_easing\":\"1\",\"show_content\":true,\"show_hover_image\":true,\"show_hover_video\":true,\"show_image\":true,\"show_link\":true,\"show_meta\":true,\"show_title\":true,\"show_video\":true,\"title_align\":\"top\",\"title_element\":\"h5\",\"title_grid_breakpoint\":\"m\",\"title_grid_width\":\"1-2\",\"title_hover_style\":\"reset\",\"title_link\":true},\"children\":[{\"type\":\"grid_item\",\"props\":{\"content\":\"\n\n<p>Premio A+ Extraordinario a la Trayectoria Profesional en la categor\u00eda Arquitectura e interiorismo.<\/p>\n\n\",\"image\":\"wp-content\/uploads\/2025\/07\/Premio-arquitectura-plus.jpg\",\"meta\":\"\",\"title\":\"Premio A+\"}},{\"type\":\"grid_item\",\"props\":{\"content\":\"\n\n<p>Auditorio\u00a0y Palacio de Congresos de Castell\u00f3n Seleccionado en los Premios CSCAE 2025<\/p>\n\n\",\"image\":\"wp-content\/uploads\/2025\/06\/Premios-arquitectura-2025.jpg\",\"link\":\"https:\/\/ferrater.com\/es\/project\/auditorio-y-palacio-de-congresos-de-castellon\/\",\"meta\":\"\",\"title\":\"Premios CSCAE 2025\"}},{\"type\":\"grid_item\",\"props\":{\"content\":\"\n\n<p><span>Primer premio concurso Paseo Mar\u00edtimo de Tenerife \\\"Palmetum\\\" Lotes 2 y 3.<\/span><\/p>\n\n\",\"image\":\"wp-content\/uploads\/2025\/06\/1200x900-PROYECTOS.jpg\",\"meta\":\"\",\"title\":\"Concurso Paseo Mar\u00edtimo de Tenerife\"}},{\"type\":\"grid_item\",\"props\":{\"content\":\"\",\"image\":\"\",\"link\":\"es\/premio-mies-van-der-rohe-06-11-18\/\",\"meta\":\" \",\"title\":\" \"}},{\"type\":\"grid_item\",\"props\":{\"content\":\"\",\"image\":\"\",\"link\":\"es\/premio-mies-van-der-rohe-06-11-18\/\",\"meta\":\" \",\"title\":\" \"}}]}]}]}]}],\"version\":\"5.0.16\"} --><\/p>\n","protected":false},"excerpt":{"rendered":"<p>Oficinas HIIT Barcelona Barcelona Nueva Lonja de Pescadores en el Puerto de Barcelona Barcelona Mandarin Oriental Residences, Barcelona Barcelona Ampliaci\u00f3n ONG FUNDESPLAI. Construyendo la Utop\u00eda Social Barcelona Hotel Edition Madrid Madrid Hotel Boutique en Vara del Rey, Ibiza Ibiza Casa Regina Gerona Refurbishment of an apartment building at 125-127 Passeig de Gr\u00e0cia Barcelona, Espa\u00f1a Hotel [&hellip;]<\/p>\n","protected":false},"author":2,"featured_media":0,"parent":0,"menu_order":10,"comment_status":"closed","ping_status":"closed","template":"","meta":{"footnotes":""},"class_list":["post-7624","page","type-page","status-publish","hentry"],"_links":{"self":[{"href":"https:\/\/ferrater.com\/es\/wp-json\/wp\/v2\/pages\/7624","targetHints":{"allow":["GET"]}}],"collection":[{"href":"https:\/\/ferrater.com\/es\/wp-json\/wp\/v2\/pages"}],"about":[{"href":"https:\/\/ferrater.com\/es\/wp-json\/wp\/v2\/types\/page"}],"author":[{"embeddable":true,"href":"https:\/\/ferrater.com\/es\/wp-json\/wp\/v2\/users\/2"}],"replies":[{"embeddable":true,"href":"https:\/\/ferrater.com\/es\/wp-json\/wp\/v2\/comments?post=7624"}],"version-history":[{"count":3,"href":"https:\/\/ferrater.com\/es\/wp-json\/wp\/v2\/pages\/7624\/revisions"}],"predecessor-version":[{"id":25577,"href":"https:\/\/ferrater.com\/es\/wp-json\/wp\/v2\/pages\/7624\/revisions\/25577"}],"wp:attachment":[{"href":"https:\/\/ferrater.com\/es\/wp-json\/wp\/v2\/media?parent=7624"}],"curies":[{"name":"wp","href":"https:\/\/api.w.org\/{rel}","templated":true}]}}