{"id":8133,"date":"2018-11-29T15:10:27","date_gmt":"2018-11-29T14:10:27","guid":{"rendered":"http:\/\/ferrater.com\/contact\/"},"modified":"2022-04-21T10:17:33","modified_gmt":"2022-04-21T09:17:33","slug":"contacto","status":"publish","type":"page","link":"https:\/\/ferrater.com\/es\/contacto\/","title":{"rendered":"Contacto"},"content":{"rendered":"<p><img decoding=\"async\" src=\"\/wp-content\/uploads\/fa%C3%A7ana-OAB-arquitectura.jpg\" alt=\"Fa\u00e7ana OAB arquitectura\"><\/p>\n<h1>OAB<\/h1>\n<h2>Balmes 145 bajos<\/h2>\n<div>\n<p>08008 Barcelona<br \/>ESPA\u00d1A<\/p>\n<\/div>\n<ul>\n<li>\n<h3>Tel\u00e9fono<\/h3>\n<p>+34 93 238 51 36<\/p>\n<\/li>\n<li>\n<h3>Prensa<\/h3>\n<p>press@ferrater.com<\/p>\n<\/li>\n<li>\n<h3>General<\/h3>\n<p>info@ferrater.com<\/p>\n<\/li>\n<li>\n<h3>Solicitudes de Trabajo y Pr\u00e1cticas<\/h3>\n<p>hr@ferrater.com<\/p>\n<\/li>\n<\/ul>\n<p>\n    <a href=\"https:\/\/goo.gl\/maps\/ckETHTZ4fyatiqwz5\" target=\"_blank\" rel=\"noopener\">Abrir Mapa<\/a>\n<\/p>\n<h1>Galer\u00eda OAB<\/h1>\n<h2>C\u00f2rsega 254 Bajos<\/h2>\n<div>\n<p>08008 Barcelona<br \/>ESPA\u00d1A<\/p>\n<\/div>\n<p>\n    <a href=\"https:\/\/goo.gl\/maps\/ESeKwy8zcX1nC6xE7\" target=\"_blank\" rel=\"noopener\">Abrir Mapa<\/a>\n<\/p>\n<p><img decoding=\"async\" src=\"\/wp-content\/uploads\/fa%C3%A7ana-OAB-Galleria.jpg\" alt=\"Galer\u00eda OAB fachada\"><\/p>\n<p><!--more--><br \/>\n<!-- {\"name\":\"Contact\",\"type\":\"layout\",\"children\":[{\"name\":\"Contact\",\"type\":\"section\",\"props\":{\"style\":\"default\",\"width\":\"large\",\"vertical_align\":\"middle\",\"title_position\":\"top-left\",\"title_rotation\":\"left\",\"title_breakpoint\":\"xl\",\"image_position\":\"top-right\",\"image\":\"\",\"image_width\":\"710\",\"css\":\"@media (max-width: 1600px) {\\n    .el-section > * { background-size: 40%!important; }\\n}\",\"media_visibility\":\"l\"},\"children\":[{\"name\":\"\",\"type\":\"row\",\"props\":{\"width\":\"small\",\"margin\":\"xlarge\",\"margin_remove_bottom\":true},\"children\":[{\"name\":\"\",\"type\":\"column\",\"props\":{\"image_position\":\"center-center\",\"media_overlay_gradient\":\"\",\"width_medium\":\"1-1\",\"position_sticky_breakpoint\":\"m\"},\"children\":[]}]},{\"name\":\"\",\"type\":\"row\",\"props\":{\"layout\":\"1-2,1-2\",\"width\":\"small\",\"vertical_align\":true,\"match\":false,\"column_gap\":\"large\",\"row_gap\":\"large\"},\"children\":[{\"name\":\"\",\"type\":\"column\",\"props\":{\"image_position\":\"center-center\",\"media_overlay_gradient\":\"\",\"width_medium\":\"1-2\",\"position_sticky_breakpoint\":\"m\"},\"children\":[{\"name\":\"\",\"type\":\"image\",\"props\":{\"margin\":\"default\",\"image\":\"wp-content\\\/uploads\\\/fa\\u00e7ana-OAB-arquitectura.jpg\",\"image_svg_color\":\"emphasis\",\"image_alt\":\"Fa\\u00e7ana OAB arquitectura\"}}]},{\"name\":\"\",\"type\":\"column\",\"props\":{\"image_position\":\"center-center\",\"vertical_align\":\"middle\",\"media_overlay_gradient\":\"\",\"width_medium\":\"1-2\",\"position_sticky_breakpoint\":\"m\"},\"children\":[{\"name\":\"\",\"type\":\"headline\",\"props\":{\"title_element\":\"h1\",\"content\":\"OAB\",\"margin_remove_bottom\":false}},{\"name\":\"\",\"type\":\"headline\",\"props\":{\"title_element\":\"h2\",\"content\":\"Balmes 145 bajos\",\"margin_remove_bottom\":false}},{\"name\":\"\",\"type\":\"text\",\"props\":{\"margin\":\"default\",\"column_breakpoint\":\"m\",\"text_style\":\"lead\",\"text_size\":\"large\",\"content\":\"\n\n<p>08008 Barcelona<br \\\/>ESPA\\u00d1A<\\\/p>\",\"margin_remove_top\":true}},{\"name\":\"\",\"type\":\"description_list\",\"props\":{\"show_title\":true,\"show_meta\":true,\"show_content\":false,\"show_link\":false,\"layout\":\"stacked\",\"meta_style\":\"\",\"meta_align\":\"below-content\",\"title_style\":\"text-bold\",\"maxwidth\":\"medium\",\"list_size\":\"\",\"title_grid_column_gap\":\"small\",\"title_grid_row_gap\":\"small\",\"title_grid_breakpoint\":\"\",\"title_grid_width\":\"small\",\"title_leader\":true,\"list_element\":\"ul\",\"column_breakpoint\":\"m\",\"title_element\":\"div\"},\"children\":[{\"name\":\"\",\"type\":\"description_list_item\",\"props\":{\"content\":\"\",\"title\":\"Tel\\u00e9fono\",\"meta\":\"+34 93 238 51 36\"}},{\"name\":\"\",\"type\":\"description_list_item\",\"props\":{\"title\":\"Prensa\",\"content\":\"\",\"meta\":\"press@ferrater.com\"}},{\"name\":\"\",\"type\":\"description_list_item\",\"props\":{\"title\":\"General\",\"content\":\"\",\"meta\":\"info@ferrater.com\"}},{\"name\":\"\",\"type\":\"description_list_item\",\"props\":{\"title\":\"Solicitudes de Trabajo y Pr\\u00e1cticas\",\"content\":\"\",\"meta\":\"hr@ferrater.com\"}}]},{\"name\":\"\",\"type\":\"button\",\"props\":{\"margin\":\"large\",\"margin_remove_bottom\":true,\"margin_remove_top\":true,\"grid_column_gap\":\"small\",\"grid_row_gap\":\"small\"},\"children\":[{\"name\":\"\",\"type\":\"button_item\",\"props\":{\"button_style\":\"text\",\"icon_align\":\"left\",\"link_target\":\"blank\",\"content\":\"Abrir Mapa\",\"link\":\"https:\\\/\\\/goo.gl\\\/maps\\\/ckETHTZ4fyatiqwz5\",\"lightbox_width\":\"\",\"lightbox_height\":\"\"}}]}]}]}]},{\"name\":\"Contact\",\"type\":\"section\",\"props\":{\"style\":\"default\",\"width\":\"large\",\"vertical_align\":\"middle\",\"title_position\":\"top-left\",\"title_rotation\":\"left\",\"title_breakpoint\":\"xl\",\"image_position\":\"top-right\",\"image\":\"\",\"image_width\":\"710\",\"css\":\"@media (max-width: 1600px) {\\n    .el-section > * { background-size: 40%!important; }\\n}\",\"media_visibility\":\"l\"},\"children\":[{\"name\":\"\",\"type\":\"row\",\"props\":{\"width\":\"small\",\"margin\":\"xlarge\",\"margin_remove_bottom\":true},\"children\":[{\"name\":\"\",\"type\":\"column\",\"props\":{\"image_position\":\"center-center\",\"media_overlay_gradient\":\"\",\"width_medium\":\"1-1\",\"position_sticky_breakpoint\":\"m\"},\"children\":[]}]},{\"name\":\"\",\"type\":\"row\",\"props\":{\"layout\":\"1-2,1-2\",\"width\":\"small\",\"vertical_align\":true,\"column_gap\":\"large\",\"row_gap\":\"large\"},\"children\":[{\"name\":\"\",\"type\":\"column\",\"props\":{\"image_position\":\"center-center\",\"vertical_align\":\"middle\",\"media_overlay_gradient\":\"\",\"width_medium\":\"1-2\",\"position_sticky_breakpoint\":\"m\"},\"children\":[{\"name\":\"\",\"type\":\"headline\",\"props\":{\"title_element\":\"h1\",\"text_align\":\"left\",\"maxwidth\":\"2xlarge\",\"content\":\"Galer\\u00eda OAB\"}},{\"name\":\"\",\"type\":\"headline\",\"props\":{\"title_element\":\"h2\",\"content\":\"C\\u00f2rsega 254 Bajos\"}},{\"name\":\"\",\"type\":\"text\",\"props\":{\"margin\":\"default\",\"column_breakpoint\":\"m\",\"text_style\":\"lead\",\"text_size\":\"large\",\"content\":\"\n\n<p>08008 Barcelona<br \\\/>ESPA\\u00d1A<\\\/p>\"}},{\"name\":\"\",\"type\":\"button\",\"props\":{\"margin\":\"large\",\"grid_column_gap\":\"small\",\"grid_row_gap\":\"small\"},\"children\":[{\"name\":\"\",\"type\":\"button_item\",\"props\":{\"button_style\":\"text\",\"icon_align\":\"left\",\"link_target\":\"blank\",\"content\":\"Abrir Mapa\",\"link\":\"https:\\\/\\\/goo.gl\\\/maps\\\/ESeKwy8zcX1nC6xE7\",\"lightbox_width\":\"\",\"lightbox_height\":\"\"}}]}]},{\"name\":\"\",\"type\":\"column\",\"props\":{\"image_position\":\"center-center\",\"media_overlay_gradient\":\"\",\"width_medium\":\"1-2\",\"position_sticky_breakpoint\":\"m\"},\"children\":[{\"name\":\"\",\"type\":\"image\",\"props\":{\"margin\":\"default\",\"image\":\"wp-content\\\/uploads\\\/fa\\u00e7ana-OAB-Galleria.jpg\",\"image_svg_color\":\"emphasis\",\"image_alt\":\"Galer\\u00eda OAB fachada\"}}]}]}]}],\"version\":\"2.7.4\"} --><\/p>\n","protected":false},"excerpt":{"rendered":"<p>OAB Balmes 145 bajos 08008 BarcelonaESPA\u00d1A Tel\u00e9fono +34 93 238 51 36 Prensa press@ferrater.com General info@ferrater.com Solicitudes de Trabajo y Pr\u00e1cticas hr@ferrater.com Abrir Mapa Galer\u00eda OAB C\u00f2rsega 254 Bajos 08008 BarcelonaESPA\u00d1A Abrir Mapa<\/p>\n","protected":false},"author":2,"featured_media":0,"parent":0,"menu_order":4,"comment_status":"closed","ping_status":"closed","template":"","meta":{"footnotes":""},"class_list":["post-8133","page","type-page","status-publish","hentry"],"_links":{"self":[{"href":"https:\/\/ferrater.com\/es\/wp-json\/wp\/v2\/pages\/8133","targetHints":{"allow":["GET"]}}],"collection":[{"href":"https:\/\/ferrater.com\/es\/wp-json\/wp\/v2\/pages"}],"about":[{"href":"https:\/\/ferrater.com\/es\/wp-json\/wp\/v2\/types\/page"}],"author":[{"embeddable":true,"href":"https:\/\/ferrater.com\/es\/wp-json\/wp\/v2\/users\/2"}],"replies":[{"embeddable":true,"href":"https:\/\/ferrater.com\/es\/wp-json\/wp\/v2\/comments?post=8133"}],"version-history":[{"count":0,"href":"https:\/\/ferrater.com\/es\/wp-json\/wp\/v2\/pages\/8133\/revisions"}],"wp:attachment":[{"href":"https:\/\/ferrater.com\/es\/wp-json\/wp\/v2\/media?parent=8133"}],"curies":[{"name":"wp","href":"https:\/\/api.w.org\/{rel}","templated":true}]}}